{"id":2,"date":"2025-08-27T14:51:40","date_gmt":"2025-08-27T14:51:40","guid":{"rendered":"https:\/\/akademie-fuer-familien.de\/?page_id=2"},"modified":"2026-02-16T07:29:23","modified_gmt":"2026-02-16T07:29:23","slug":"home","status":"publish","type":"page","link":"https:\/\/akademie-fuer-familien.de\/","title":{"rendered":"Home"},"content":{"rendered":"\n<p style=\"margin-top:var(--wp--preset--spacing--70);margin-bottom:var(--wp--preset--spacing--70)\">Hier entsteht die neue Website der <br>Akademie f\u00fcr Familienp\u00e4dagogik Sch\u00f6nstatt aufm Berg<\/p>\n\n\n\n<figure class=\"wp-block-image size-full\"><img loading=\"lazy\" decoding=\"async\" width=\"502\" height=\"543\" src=\"https:\/\/akademie-fuer-familien.de\/wp-content\/uploads\/2026\/02\/AfFP_Logo_RZ.png\" alt=\"\" class=\"wp-image-18\" srcset=\"https:\/\/akademie-fuer-familien.de\/wp-content\/uploads\/2026\/02\/AfFP_Logo_RZ.png 502w, https:\/\/akademie-fuer-familien.de\/wp-content\/uploads\/2026\/02\/AfFP_Logo_RZ-277x300.png 277w\" sizes=\"auto, (max-width: 502px) 100vw, 502px\" \/><\/figure>\n\n\n\n<p>Die Website wird demn\u00e4chst verf\u00fcgbar sein. <br>Schau wieder vorbei!<\/p>\n","protected":false},"excerpt":{"rendered":"<p>Hier entsteht die neue Website der Akademie f\u00fcr Familienp\u00e4dagogik Sch\u00f6nstatt aufm Berg Die Website wird demn\u00e4chst verf\u00fcgbar sein. Schau wieder vorbei!<\/p>\n","protected":false},"author":1,"featured_media":0,"parent":0,"menu_order":0,"comment_status":"closed","ping_status":"closed","template":"page-no-title","meta":{"footnotes":""},"class_list":["post-2","page","type-page","status-publish","hentry"],"_links":{"self":[{"href":"https:\/\/akademie-fuer-familien.de\/index.php\/wp-json\/wp\/v2\/pages\/2","targetHints":{"allow":["GET"]}}],"collection":[{"href":"https:\/\/akademie-fuer-familien.de\/index.php\/wp-json\/wp\/v2\/pages"}],"about":[{"href":"https:\/\/akademie-fuer-familien.de\/index.php\/wp-json\/wp\/v2\/types\/page"}],"author":[{"embeddable":true,"href":"https:\/\/akademie-fuer-familien.de\/index.php\/wp-json\/wp\/v2\/users\/1"}],"replies":[{"embeddable":true,"href":"https:\/\/akademie-fuer-familien.de\/index.php\/wp-json\/wp\/v2\/comments?post=2"}],"version-history":[{"count":6,"href":"https:\/\/akademie-fuer-familien.de\/index.php\/wp-json\/wp\/v2\/pages\/2\/revisions"}],"predecessor-version":[{"id":19,"href":"https:\/\/akademie-fuer-familien.de\/index.php\/wp-json\/wp\/v2\/pages\/2\/revisions\/19"}],"wp:attachment":[{"href":"https:\/\/akademie-fuer-familien.de\/index.php\/wp-json\/wp\/v2\/media?parent=2"}],"curies":[{"name":"wp","href":"https:\/\/api.w.org\/{rel}","templated":true}]}}